{"id":9,"date":"2020-05-12T10:37:08","date_gmt":"2020-05-12T08:37:08","guid":{"rendered":"http:\/\/ankerplatz-272.de\/?page_id=9"},"modified":"2025-02-01T22:02:45","modified_gmt":"2025-02-01T21:02:45","slug":"impressum","status":"publish","type":"page","link":"https:\/\/ankerplatz-272.de\/?page_id=9","title":{"rendered":"Impressum"},"content":{"rendered":"<h1>Impressum<\/h1>\n<h2 id=\"m46\">Diensteanbieter<\/h2>\n<p>Volkmar Friedrichs<\/p>\n<p>Esenser Stra\u00dfe 272<\/p>\n<p>26607 Aurich<\/p>\n<p>Deutschland<\/p>\n<h2 id=\"m56\">Kontaktm\u00f6glichkeiten<\/h2>\n<p><strong>E-Mail-Adresse<\/strong>: info@ankerplatz-272.de<\/p>\n<p><strong>Telefon<\/strong>: +49-174-1510662<\/p>\n<h2 id=\"m58\">Angaben zum Unternehmen<\/h2>\n<p><strong>Gesch\u00e4ftsbereich<\/strong>: Vermietung einer Ferienwohnung<\/p>\n<h2 id=\"m172\">Social Media und andere Onlinepr\u00e4senzen<\/h2>\n<p><strong>Dieses Impressum gilt auch f\u00fcr die folgenden Social-Media-Pr\u00e4senzen und Onlineprofile<\/strong>:<\/p>\n<p><a href=\"https:\/\/facebook.com\/ankerplatz-272\" target=\"_blank\" rel=\"noopener noreferrer\">https:\/\/facebook.com\/ankerplatz-272<\/a><\/p>\n<p><a href=\"https:\/\/instagram.com\/ankerplatz-272\" target=\"_blank\" rel=\"noopener noreferrer\">https:\/\/instagram.com\/ankerplatz-272<\/a><\/p>\n<h2 id=\"m65\">Haftungs- und Urheberrechtshinweise<\/h2>\n<p><strong>Haftungsausschluss<\/strong>: Die Inhalte dieses Onlineangebotes wurden sorgf\u00e4ltig und nach unserem aktuellen Kenntnisstand erstellt, dienen jedoch nur der Information und entfalten keine rechtlich bindende Wirkung, sofern es sich nicht um gesetzlich verpflichtende Informationen (z.B. das Impressum, die Datenschutzerkl\u00e4rung, AGB oder verpflichtende Belehrungen von Verbrauchern) handelt. Wir behalten uns vor, die Inhalte vollst\u00e4ndig oder teilweise zu \u00e4ndern oder zu l\u00f6schen, soweit vertragliche Verpflichtungen unber\u00fchrt bleiben. Alle Angebote sind freibleibend und unverbindlich.<\/p>\n<p><strong>Links auf fremde Webseiten<\/strong>: Inhalte fremder Webseiten, auf die wir direkt oder indirekt verweisen, liegen au\u00dferhalb unseres Verantwortungsbereiches und machen wir uns nicht zu Eigen. F\u00fcr alle Inhalte und insbesondere f\u00fcr Sch\u00e4den, die aus der Nutzung der in den verlinkten Webseiten aufrufbaren Informationen entstehen, haftet allein der Anbieter der verlinkten Webseiten.<\/p>\n<p><strong>Urheberrechte und Markenrechte<\/strong>: Alle auf dieser Website dargestellten Inhalte, wie Texte, Fotografien, Grafiken, Marken und Warenzeichen sind durch die jeweiligen Schutzrechte (Urheberrechte, Markenrechte) gesch\u00fctzt. Die Verwendung, Vervielf\u00e4ltigung usw. unterliegen unseren Rechten oder den Rechten der jeweiligen Urheber bzw. Rechteverwalter.<\/p>\n<p><strong>Hinweise auf Rechtsverst\u00f6\u00dfe<\/strong>: Sollten Sie innerhalb unseres Internetauftritts Rechtsverst\u00f6\u00dfe bemerken, bitten wir Sie uns auf diese hinzuweisen. Wir werden rechtswidrige Inhalte und Links nach Kenntnisnahme unverz\u00fcglich entfernen.<\/p>\n<h2 id=\"m169\">Bildnachweise<\/h2>\n<p><strong>Bildquellen und Urheberrechtshinweise<\/strong>:<\/p>\n<p>Volker Friedichs \/ ankerplatz-272.de<\/p>\n<p class=\"seal\"><a title=\"Rechtstext von Dr. Schwenke - f\u00fcr weitere Informationen bitte anklicken.\" href=\"https:\/\/datenschutz-generator.de\/?l=de\" target=\"_blank\" rel=\"noopener noreferrer nofollow\">Erstellt mit kostenlosem Datenschutz-Generator.de von Dr. Thomas Schwenke<\/a><\/p>\n","protected":false},"excerpt":{"rendered":"<p>Impressum Diensteanbieter Volkmar Friedrichs Esenser Stra\u00dfe 272 26607 Aurich Deutschland Kontaktm\u00f6glichkeiten E-Mail-Adresse: info@ankerplatz-272.de Telefon: +49-174-1510662 Angaben zum Unternehmen Gesch\u00e4ftsbereich: Vermietung einer Ferienwohnung Social Media und andere Onlinepr\u00e4senzen Dieses Impressum gilt auch f\u00fcr die folgenden Social-Media-Pr\u00e4senzen und Onlineprofile: https:\/\/facebook.com\/ankerplatz-272 https:\/\/instagram.com\/ankerplatz-272 Haftungs- und Urheberrechtshinweise Haftungsausschluss: Die Inhalte dieses Onlineangebotes wurden sorgf\u00e4ltig und nach unserem aktuellen Kenntnisstand erstellt, &hellip; <\/p>\n","protected":false},"author":3,"featured_media":0,"parent":0,"menu_order":0,"comment_status":"closed","ping_status":"closed","template":"","meta":{"footnotes":""},"class_list":["post-9","page","type-page","status-publish","hentry"],"_links":{"self":[{"href":"https:\/\/ankerplatz-272.de\/index.php?rest_route=\/wp\/v2\/pages\/9","targetHints":{"allow":["GET"]}}],"collection":[{"href":"https:\/\/ankerplatz-272.de\/index.php?rest_route=\/wp\/v2\/pages"}],"about":[{"href":"https:\/\/ankerplatz-272.de\/index.php?rest_route=\/wp\/v2\/types\/page"}],"author":[{"embeddable":true,"href":"https:\/\/ankerplatz-272.de\/index.php?rest_route=\/wp\/v2\/users\/3"}],"replies":[{"embeddable":true,"href":"https:\/\/ankerplatz-272.de\/index.php?rest_route=%2Fwp%2Fv2%2Fcomments&post=9"}],"version-history":[{"count":10,"href":"https:\/\/ankerplatz-272.de\/index.php?rest_route=\/wp\/v2\/pages\/9\/revisions"}],"predecessor-version":[{"id":517,"href":"https:\/\/ankerplatz-272.de\/index.php?rest_route=\/wp\/v2\/pages\/9\/revisions\/517"}],"wp:attachment":[{"href":"https:\/\/ankerplatz-272.de\/index.php?rest_route=%2Fwp%2Fv2%2Fmedia&parent=9"}],"curies":[{"name":"wp","href":"https:\/\/api.w.org\/{rel}","templated":true}]}}