{"id":40,"date":"2020-05-17T22:27:03","date_gmt":"2020-05-17T20:27:03","guid":{"rendered":"http:\/\/ankerplatz-272.de\/?page_id=40"},"modified":"2025-02-01T21:53:54","modified_gmt":"2025-02-01T20:53:54","slug":"ausflugstipps-ostfriesland","status":"publish","type":"page","link":"https:\/\/ankerplatz-272.de\/?page_id=40","title":{"rendered":"Ostfriesland"},"content":{"rendered":"\r\n\r\n\r\n<p><img loading=\"lazy\" decoding=\"async\" class=\"aligncenter wp-image-104 size-large\" src=\"https:\/\/ankerplatz-272.de\/wp-content\/uploads\/2020\/05\/Flur1-1-793x1024.jpg\" alt=\"\" width=\"793\" height=\"1024\" srcset=\"https:\/\/ankerplatz-272.de\/wp-content\/uploads\/2020\/05\/Flur1-1-793x1024.jpg 793w, https:\/\/ankerplatz-272.de\/wp-content\/uploads\/2020\/05\/Flur1-1-232x300.jpg 232w, https:\/\/ankerplatz-272.de\/wp-content\/uploads\/2020\/05\/Flur1-1-768x992.jpg 768w, https:\/\/ankerplatz-272.de\/wp-content\/uploads\/2020\/05\/Flur1-1-1189x1536.jpg 1189w, https:\/\/ankerplatz-272.de\/wp-content\/uploads\/2020\/05\/Flur1-1-1586x2048.jpg 1586w, https:\/\/ankerplatz-272.de\/wp-content\/uploads\/2020\/05\/Flur1-1-46x60.jpg 46w, https:\/\/ankerplatz-272.de\/wp-content\/uploads\/2020\/05\/Flur1-1-scaled.jpg 1982w\" sizes=\"auto, (max-width: 793px) 100vw, 793px\" \/><\/p>\r\n\r\n\r\n\r\n<div class=\"wp-block-image\"><img loading=\"lazy\" decoding=\"async\" class=\"aligncenter wp-image-101 size-large\" src=\"https:\/\/ankerplatz-272.de\/wp-content\/uploads\/2020\/05\/Osterfriesland-898x1024.jpg\" alt=\"\" width=\"898\" height=\"1024\" srcset=\"https:\/\/ankerplatz-272.de\/wp-content\/uploads\/2020\/05\/Osterfriesland-898x1024.jpg 898w, https:\/\/ankerplatz-272.de\/wp-content\/uploads\/2020\/05\/Osterfriesland-263x300.jpg 263w, https:\/\/ankerplatz-272.de\/wp-content\/uploads\/2020\/05\/Osterfriesland-768x876.jpg 768w, https:\/\/ankerplatz-272.de\/wp-content\/uploads\/2020\/05\/Osterfriesland-1347x1536.jpg 1347w, https:\/\/ankerplatz-272.de\/wp-content\/uploads\/2020\/05\/Osterfriesland-1796x2048.jpg 1796w, https:\/\/ankerplatz-272.de\/wp-content\/uploads\/2020\/05\/Osterfriesland-53x60.jpg 53w, https:\/\/ankerplatz-272.de\/wp-content\/uploads\/2020\/05\/Osterfriesland.jpg 2000w\" sizes=\"auto, (max-width: 898px) 100vw, 898px\" \/><\/div>\r\n\r\n\r\n\r\n<figure class=\"aligncenter size-large\"><img loading=\"lazy\" decoding=\"async\" class=\"aligncenter wp-image-99 size-large\" src=\"https:\/\/ankerplatz-272.de\/wp-content\/uploads\/2020\/05\/Ostfriesland3-768x1024.jpg\" alt=\"\" width=\"768\" height=\"1024\" srcset=\"https:\/\/ankerplatz-272.de\/wp-content\/uploads\/2020\/05\/Ostfriesland3-768x1024.jpg 768w, https:\/\/ankerplatz-272.de\/wp-content\/uploads\/2020\/05\/Ostfriesland3-225x300.jpg 225w, https:\/\/ankerplatz-272.de\/wp-content\/uploads\/2020\/05\/Ostfriesland3-1152x1536.jpg 1152w, https:\/\/ankerplatz-272.de\/wp-content\/uploads\/2020\/05\/Ostfriesland3-1536x2048.jpg 1536w, https:\/\/ankerplatz-272.de\/wp-content\/uploads\/2020\/05\/Ostfriesland3-45x60.jpg 45w, https:\/\/ankerplatz-272.de\/wp-content\/uploads\/2020\/05\/Ostfriesland3-scaled.jpg 1920w\" sizes=\"auto, (max-width: 768px) 100vw, 768px\" \/><\/figure>\r\n\r\n\r\n\r\n\r\n\r\n<div class=\"wp-block-image\">\r\n<figure class=\"aligncenter size-large\"><img loading=\"lazy\" decoding=\"async\" class=\"aligncenter wp-image-105 size-large\" src=\"https:\/\/ankerplatz-272.de\/wp-content\/uploads\/2020\/05\/Ostfriesland2-1024x683.jpg\" alt=\"\" width=\"925\" height=\"617\" srcset=\"https:\/\/ankerplatz-272.de\/wp-content\/uploads\/2020\/05\/Ostfriesland2-1024x683.jpg 1024w, https:\/\/ankerplatz-272.de\/wp-content\/uploads\/2020\/05\/Ostfriesland2-300x200.jpg 300w, https:\/\/ankerplatz-272.de\/wp-content\/uploads\/2020\/05\/Ostfriesland2-768x512.jpg 768w, https:\/\/ankerplatz-272.de\/wp-content\/uploads\/2020\/05\/Ostfriesland2-1536x1025.jpg 1536w, https:\/\/ankerplatz-272.de\/wp-content\/uploads\/2020\/05\/Ostfriesland2-90x60.jpg 90w, https:\/\/ankerplatz-272.de\/wp-content\/uploads\/2020\/05\/Ostfriesland2.jpg 2000w\" sizes=\"auto, (max-width: 925px) 100vw, 925px\" \/><\/figure>\r\n<\/div>\r\n\r\n\r\n\r\n<figure class=\"wp-block-image size-large\"><img loading=\"lazy\" decoding=\"async\" class=\"aligncenter wp-image-212 size-large\" src=\"https:\/\/ankerplatz-272.de\/wp-content\/uploads\/2020\/05\/IMG_6867-1024x787.jpeg\" alt=\"\" width=\"925\" height=\"711\" srcset=\"https:\/\/ankerplatz-272.de\/wp-content\/uploads\/2020\/05\/IMG_6867-1024x787.jpeg 1024w, https:\/\/ankerplatz-272.de\/wp-content\/uploads\/2020\/05\/IMG_6867-300x232.jpeg 300w, https:\/\/ankerplatz-272.de\/wp-content\/uploads\/2020\/05\/IMG_6867-768x590.jpeg 768w, https:\/\/ankerplatz-272.de\/wp-content\/uploads\/2020\/05\/IMG_6867-1536x1180.jpeg 1536w, https:\/\/ankerplatz-272.de\/wp-content\/uploads\/2020\/05\/IMG_6867-260x200.jpeg 260w, https:\/\/ankerplatz-272.de\/wp-content\/uploads\/2020\/05\/IMG_6867-280x215.jpeg 280w, https:\/\/ankerplatz-272.de\/wp-content\/uploads\/2020\/05\/IMG_6867-78x60.jpeg 78w, https:\/\/ankerplatz-272.de\/wp-content\/uploads\/2020\/05\/IMG_6867.jpeg 1936w\" sizes=\"auto, (max-width: 925px) 100vw, 925px\" \/><\/figure>\r\n<p>&nbsp;<\/p>\r\n\r\n\r\n\r\n<h4 style=\"text-align: center;\">Ein wenig nerv\u00f6s stehe ich in Leerhafe vor der T\u00fcr und dr\u00fccke zaghaft auf den Klingelkopf.<\/h4>\r\n<h4 style=\"text-align: center;\">Friedrich, der Mann meiner besten Schulfreundin Margret, \u00f6ffnet die T\u00fcr: \u201cMoin, koom herin\u201c.<\/h4>\r\n<h4 style=\"text-align: center;\">Als w\u00e4re ich erst letzte Woche hier gewesen. Nein, es ist, 25 Jahre her.<\/h4>\r\n<h4 style=\"text-align: center;\">Durch die unkomplizierte Begr\u00fc\u00dfung, gab kein Unbehagen, oder einen Anflug von Angestrengtheit.<\/h4>\r\n<h4 style=\"text-align: center;\">Alles f\u00fchlte sich vertraut an. Dieser Nachmittag bleibt mir lange in guter Erinnerung.<\/h4>\r\n<h4 style=\"text-align: center;\">Beim Abschied wurde mir mit auf dem Weg mitgegeben das ich meine einem erneuten Besuch nicht wieder 25 Jahre warten soll.<\/h4>\r\n<h4 style=\"text-align: center;\">Das wird wohl schwer werden, l\u00e4chelte ich und fasst f\u00fcr mich den Entschluss, mehr Zeit in Ostfriesland zu verbringen.<\/h4>\r\n<h4 style=\"text-align: center;\">Bevor es weiter nach Aurich ging, machte ich meine Runde auf dem Friedhof.<\/h4>\r\n<h4 style=\"text-align: center;\">Die Sonne blinzelte durch die Koniferen.<\/h4>\r\n<h4 style=\"text-align: center;\">Ein Mann mit einer Schubkarre kam mir entgegen. \u201eMoin, so is dat, erst planten, den is it do grot und dann wird es wieder raus gerissen\u201c.\u00a0\u00a0<\/h4>\r\n<h4 style=\"text-align: center;\">Ich kannte ihn nicht, er nickte mir kurz zu und schob ruhig weiter.<\/h4>\r\n<h4 style=\"text-align: center;\">Langsam lief ich an die gepflegten Gr\u00e4ber vorbei.<\/h4>\r\n<h4 style=\"text-align: center;\">\u00dcber Wittmund fuhr ich weiter Richtung Aurich, vorbei an den akkuraten G\u00e4rten, den leuchtenden Forsythien, den Osterblumen und Kirschbl\u00fcten.<\/h4>\r\n<h4 style=\"text-align: center;\">Meine Aufregung wuchs, ich war gespannt was mich bei Volkmar in Aurich nach \u00fcber 40 Jahren erwartet.<\/h4>\r\n<h4 style=\"text-align: center;\">Die ostfriesische Herzlichkeit war \u00fcberw\u00e4ltigend. V\u00f6llig unkompliziert, ohne jegliche Anwandlungen wurde ich in Volkmars Familie, die mittlerweile aus\u00a0\u00a03 Generationen besteht aufgenommen. Unser Wiedersehnen wurde von Erz\u00e4hlungen aus 40 Jahren gef\u00fcllt, die das Leben geschrieben hatte.<\/h4>\r\n<h4 style=\"text-align: center;\">Es ist wohl ein ostfriesischer Charakterzug,\u00a0\u00a0Schicksalsschl\u00e4ge anzunehmen ohne Bitterkeit.<\/h4>\r\n<h4 style=\"text-align: center;\">Der Satz, so ist dat nun maal, bildet oft den Schlusssatz, wenn das Leben nicht die Gerade genommen hatte.\u00a0\u00a0<\/h4>\r\n<h4 style=\"text-align: center;\">Ein Besuch in Greetsiel rundet meine kurze Reise in meine alte Heimat ab.<\/h4>\r\n<h4 style=\"text-align: center;\">Beruflich war ich immer viel unterwegs gewesen. Ich habe hier und da gewohnt viel gesehen.<\/h4>\r\n<h4 style=\"text-align: center;\">Ja es stimmt, die Ostriesen sind anders, wenn du ihr Vertrauen gewonnen hast, dann hast du auch einen verl\u00e4sslichen Freund f\u00fcrs Leben.<\/h4>\r\n<h4 style=\"text-align: center;\">Eine echte Heimat ist dort wo das Herz aufgeht.<\/h4>\r\n<h4 style=\"text-align: center;\">F\u00fcr mich ist es Ostfriesland, mit seiner flachen Landschaft, der K\u00fcste und den warmherzigen Ostfriesen.<\/h4>\r\n<h4 style=\"text-align: center;\">Ich werde wieder kommen und dann bleibe ich l\u00e4nger.\u00a0<\/h4>\r\n<p>&nbsp;<\/p>\r\n","protected":false},"excerpt":{"rendered":"<p>Ein wenig nerv\u00f6s stehe ich in Leerhafe vor der T\u00fcr und dr\u00fccke zaghaft auf den Klingelkopf. Friedrich, der Mann meiner besten Schulfreundin Margret, \u00f6ffnet die T\u00fcr: \u201cMoin, koom herin\u201c. Als w\u00e4re ich erst letzte Woche hier gewesen. Nein, es ist, 25 Jahre her. Durch die unkomplizierte Begr\u00fc\u00dfung, gab kein Unbehagen, oder einen Anflug von Angestrengtheit. &hellip; <\/p>\n","protected":false},"author":2,"featured_media":0,"parent":0,"menu_order":0,"comment_status":"closed","ping_status":"closed","template":"","meta":{"footnotes":""},"class_list":["post-40","page","type-page","status-publish","hentry"],"_links":{"self":[{"href":"https:\/\/ankerplatz-272.de\/index.php?rest_route=\/wp\/v2\/pages\/40","targetHints":{"allow":["GET"]}}],"collection":[{"href":"https:\/\/ankerplatz-272.de\/index.php?rest_route=\/wp\/v2\/pages"}],"about":[{"href":"https:\/\/ankerplatz-272.de\/index.php?rest_route=\/wp\/v2\/types\/page"}],"author":[{"embeddable":true,"href":"https:\/\/ankerplatz-272.de\/index.php?rest_route=\/wp\/v2\/users\/2"}],"replies":[{"embeddable":true,"href":"https:\/\/ankerplatz-272.de\/index.php?rest_route=%2Fwp%2Fv2%2Fcomments&post=40"}],"version-history":[{"count":15,"href":"https:\/\/ankerplatz-272.de\/index.php?rest_route=\/wp\/v2\/pages\/40\/revisions"}],"predecessor-version":[{"id":528,"href":"https:\/\/ankerplatz-272.de\/index.php?rest_route=\/wp\/v2\/pages\/40\/revisions\/528"}],"wp:attachment":[{"href":"https:\/\/ankerplatz-272.de\/index.php?rest_route=%2Fwp%2Fv2%2Fmedia&parent=40"}],"curies":[{"name":"wp","href":"https:\/\/api.w.org\/{rel}","templated":true}]}}