{"id":259,"date":"2020-05-18T11:27:11","date_gmt":"2020-05-18T09:27:11","guid":{"rendered":"http:\/\/ankerplatz-272.de\/?page_id=259"},"modified":"2025-02-01T21:50:53","modified_gmt":"2025-02-01T20:50:53","slug":"leistungen-und-preise","status":"publish","type":"page","link":"https:\/\/ankerplatz-272.de\/?page_id=259","title":{"rendered":"Leistungen und Preise"},"content":{"rendered":"\r\n<h4 style=\"text-align: center;\"><span style=\"color: #000080;\"><strong>Unsere Ferienwohnung ist ca. 68 qm gro\u00df und befindet sich in der Oberwohnung von einem Privathaus mit abgeteilten Eingangsbereich.<\/strong><\/span><\/h4>\r\n<h4 style=\"text-align: center;\"><span style=\"color: #000080;\">\u00a0<strong>Erst nach Erhalt einer Buchungsbest\u00e4tigung ist die Reservierung verbindlich!<\/strong><\/span><\/h4>\r\n<h4 style=\"text-align: center;\"><span style=\"color: #000080;\">1. Schlafzimmer\u00a0mit einem 1 x\u00a0Doppelbett<\/span><\/h4>\r\n<h4><span style=\"color: #000080;\">\r\n\r\n<\/span><\/h4>\r\n<h4 style=\"text-align: center;\"><span style=\"color: #000080;\">2. Schlafzimmer 2 x Einzelbetten k\u00f6nnen zusammengestellt werden<\/span><\/h4>\r\n<p style=\"text-align: center;\"><span style=\"color: #000080;\">\r\n\r\n<\/span><\/p>\r\n<h4 style=\"text-align: center;\"><span style=\"color: #000080;\">K\u00fcche, Ceranfeld, Backofen, Mikrowelle<\/span><\/h4>\r\n<h4 style=\"text-align: center;\"><span style=\"color: #000080;\">Geschirr und K\u00fcchenutensielen<\/span><\/h4>\r\n<h4 style=\"text-align: center;\"><span style=\"color: #000080;\">Wohnzimmer mit Essbereich<\/span><\/h4>\r\n<h4 style=\"text-align: center;\"><span style=\"color: #000080;\">WC mit Dusche<\/span><\/h4>\r\n<h4 style=\"text-align: center;\"><span style=\"color: #000080;\">\r\n\r\n<\/span><\/h4>\r\n<h4 style=\"text-align: center;\"><span style=\"color: #000080;\"><b>Fragen Sie nach unseren Angeboten!<br \/><\/b><\/span><span style=\"color: #000080;\">Anreise ab 15:00 Uhr<\/span><\/h4>\r\n<h4 style=\"text-align: center;\"><span style=\"color: #000080;\">\r\n\r\n<\/span><\/h4>\r\n<h4 style=\"text-align: center;\"><span style=\"color: #000080;\"><strong>Inklusive Leistungen:<\/strong><\/span><\/h4>\r\n<h4 style=\"text-align: center;\"><span style=\"color: #000080;\">\r\n\r\n<\/span><\/h4>\r\n<h4 style=\"text-align: center;\"><span style=\"color: #000080;\">Stellplatz<\/span><\/h4>\r\n<h4 style=\"text-align: center;\"><span style=\"color: #000080;\">TV<\/span><\/h4>\r\n<h4 style=\"text-align: center;\"><span style=\"color: #000080;\">WLAN<\/span><\/h4>\r\n<h4 style=\"text-align: center;\"><span style=\"color: #000080;\">Bettw\u00e4sche<\/span><\/h4>\r\n<h4 style=\"text-align: center;\"><span style=\"color: #000080;\">Handtuchset\u00a0<\/span><\/h4>\r\n<h4 style=\"text-align: center;\"><span style=\"color: #000080;\">Endreinigung<\/span><\/h4>\r\n<h4 style=\"text-align: center;\"><span style=\"color: #000080;\">\r\n\r\n<\/span><\/h4>\r\n<h4 style=\"text-align: center;\"><span style=\"color: #000080;\">Bitte beachten Sie unsere Stornierungsgeb\u00fchren.<\/span><br \/><span style=\"color: #000080;\">30 Tage vor Reisebeginn kostenlose Stornierung.<\/span><br \/><span style=\"color: #000080;\">7 Tage vor Reiseantritt 50 %<\/span><\/h4>\r\n<h4 style=\"text-align: center;\"><span style=\"color: #000080;\">\r\n\r\n<\/span><\/h4>\r\n<h4 style=\"text-align: center;\"><span style=\"color: #000080;\">Im Fall, dass eine Reise wegen einer nachweislichen Coronaerkrankung nicht m\u00f6glich ist, k\u00f6nnen Sie kostenlos stornieren.<\/span><\/h4>\r\n","protected":false},"excerpt":{"rendered":"<p>Unsere Ferienwohnung ist ca. 68 qm gro\u00df und befindet sich in der Oberwohnung von einem Privathaus mit abgeteilten Eingangsbereich. \u00a0Erst nach Erhalt einer Buchungsbest\u00e4tigung ist die Reservierung verbindlich! 1. Schlafzimmer\u00a0mit einem 1 x\u00a0Doppelbett 2. Schlafzimmer 2 x Einzelbetten k\u00f6nnen zusammengestellt werden K\u00fcche, Ceranfeld, Backofen, Mikrowelle Geschirr und K\u00fcchenutensielen Wohnzimmer mit Essbereich WC mit Dusche Fragen &hellip; <\/p>\n","protected":false},"author":3,"featured_media":0,"parent":0,"menu_order":0,"comment_status":"closed","ping_status":"closed","template":"","meta":{"footnotes":""},"class_list":["post-259","page","type-page","status-publish","hentry"],"_links":{"self":[{"href":"https:\/\/ankerplatz-272.de\/index.php?rest_route=\/wp\/v2\/pages\/259","targetHints":{"allow":["GET"]}}],"collection":[{"href":"https:\/\/ankerplatz-272.de\/index.php?rest_route=\/wp\/v2\/pages"}],"about":[{"href":"https:\/\/ankerplatz-272.de\/index.php?rest_route=\/wp\/v2\/types\/page"}],"author":[{"embeddable":true,"href":"https:\/\/ankerplatz-272.de\/index.php?rest_route=\/wp\/v2\/users\/3"}],"replies":[{"embeddable":true,"href":"https:\/\/ankerplatz-272.de\/index.php?rest_route=%2Fwp%2Fv2%2Fcomments&post=259"}],"version-history":[{"count":21,"href":"https:\/\/ankerplatz-272.de\/index.php?rest_route=\/wp\/v2\/pages\/259\/revisions"}],"predecessor-version":[{"id":526,"href":"https:\/\/ankerplatz-272.de\/index.php?rest_route=\/wp\/v2\/pages\/259\/revisions\/526"}],"wp:attachment":[{"href":"https:\/\/ankerplatz-272.de\/index.php?rest_route=%2Fwp%2Fv2%2Fmedia&parent=259"}],"curies":[{"name":"wp","href":"https:\/\/api.w.org\/{rel}","templated":true}]}}